{"id":40,"date":"2015-10-20T19:47:15","date_gmt":"2015-10-20T19:47:15","guid":{"rendered":"http:\/\/keilhacker.net\/alpen\/?page_id=40"},"modified":"2026-03-13T07:07:08","modified_gmt":"2026-03-13T07:07:08","slug":"team","status":"publish","type":"page","link":"https:\/\/hautarzt-allmendinger.de\/?page_id=40","title":{"rendered":"\u00c4sthetische Dermatologie"},"content":{"rendered":"<h2><\/h2>\n<ul>\n<li>\n<h4><strong>Ultraschall Lifting zur Straffung der Haut im Gesicht, am Hals und Decollete ohne Bet\u00e4ubung, sofort wieder gesellschaftsf\u00e4hig<\/strong> (ab 300 Euro)<\/h4>\n<\/li>\n<li>\n<h4>Radiofrequenz Microneedeling zur Hautstraffung, Porenverfeinerung und Behandlung von Aknenarben (ab 250 Euro)<\/h4>\n<\/li>\n<li>\n<h4>Lasertherapie kosmetisch st\u00f6render \u00c4derchen, Blutschw\u00e4mmchen, Rosacea teleangiectatica<\/h4>\n<\/li>\n<li>\n<h4>Faltenbehandlung \u00a0(Botulinumtoxin und Hyalurons\u00e4ure)<\/h4>\n<\/li>\n<li>\n<h4>Entfernung\u00a0kosmetisch st\u00f6render Hautver\u00e4nderungen<\/h4>\n<\/li>\n<\/ul>\n<h4><\/h4>\n","protected":false},"excerpt":{"rendered":"<p>Ultraschall Lifting zur Straffung der Haut im Gesicht, am Hals und Decollete ohne Bet\u00e4ubung, sofort wieder gesellschaftsf\u00e4hig (ab 300 Euro) Radiofrequenz Microneedeling zur Hautstraffung, Porenverfeinerung und Behandlung von Aknenarben (ab 250 Euro) Lasertherapie kosmetisch st\u00f6render \u00c4derchen, Blutschw\u00e4mmchen, Rosacea teleangiectatica Faltenbehandlung \u00a0(Botulinumtoxin und Hyalurons\u00e4ure) Entfernung\u00a0kosmetisch st\u00f6render Hautver\u00e4nderungen<\/p>\n","protected":false},"author":1,"featured_media":0,"parent":0,"menu_order":0,"comment_status":"open","ping_status":"open","template":"","meta":{"footnotes":""},"_links":{"self":[{"href":"https:\/\/hautarzt-allmendinger.de\/index.php?rest_route=\/wp\/v2\/pages\/40"}],"collection":[{"href":"https:\/\/hautarzt-allmendinger.de\/index.php?rest_route=\/wp\/v2\/pages"}],"about":[{"href":"https:\/\/hautarzt-allmendinger.de\/index.php?rest_route=\/wp\/v2\/types\/page"}],"author":[{"embeddable":true,"href":"https:\/\/hautarzt-allmendinger.de\/index.php?rest_route=\/wp\/v2\/users\/1"}],"replies":[{"embeddable":true,"href":"https:\/\/hautarzt-allmendinger.de\/index.php?rest_route=%2Fwp%2Fv2%2Fcomments&post=40"}],"version-history":[{"count":19,"href":"https:\/\/hautarzt-allmendinger.de\/index.php?rest_route=\/wp\/v2\/pages\/40\/revisions"}],"predecessor-version":[{"id":933,"href":"https:\/\/hautarzt-allmendinger.de\/index.php?rest_route=\/wp\/v2\/pages\/40\/revisions\/933"}],"wp:attachment":[{"href":"https:\/\/hautarzt-allmendinger.de\/index.php?rest_route=%2Fwp%2Fv2%2Fmedia&parent=40"}],"curies":[{"name":"wp","href":"https:\/\/api.w.org\/{rel}","templated":true}]}}