{"id":2,"date":"2015-10-02T19:22:54","date_gmt":"2015-10-02T19:22:54","guid":{"rendered":"http:\/\/keilhacker.net\/alpen\/?page_id=2"},"modified":"2026-04-10T07:02:36","modified_gmt":"2026-04-10T07:02:36","slug":"sample-page","status":"publish","type":"page","link":"https:\/\/hautarzt-allmendinger.de\/","title":{"rendered":"Sample Page"},"content":{"rendered":"<h1>Herzlich Willkommen<\/h1>\n<h1>Aktuelles:<\/h1>\n<h4 style=\"text-align: left;\"><span style=\"font-family: serif; font-size: revert;\">NEUE ADRESSE:<\/span><\/h4>\n<p>EBERSHALDENSTR. 7, 73728 ESSLINGEN<\/p>\n<p>(Parkm\u00f6glichkeiten z.B. im Parkhaus Neckar Forum)<\/p>\n<p>TERMINE NACH TERMINVEREINBARUNG UNTER 0711\/356084 ODER ONLINE (SIEHE ONLINE TERMINBUCHUNG)<\/p>\n<p>Vielen Dank f\u00fcr Ihr Verst\u00e4ndnis<\/p>\n<p><a href=\"https:\/\/hautarzt-allmendinger.de\/wp-content\/uploads\/2015\/10\/image1.jpg\"><img decoding=\"async\" class=\"alignnone size-full wp-image-34\" src=\"https:\/\/hautarzt-allmendinger.de\/wp-content\/uploads\/2015\/10\/image1.jpg\" alt=\"mich\" \/><\/a><\/p>\n<h3><\/h3>\n<h3>Dres. med. Simone und Michael Allmendinger<\/h3>\n<ul>\n<li>Fach\u00e4rzte f\u00fcr Dermatologie und Venerologie<\/li>\n<li>Zusatzbezeichnung Allergologie<\/li>\n<\/ul>\n<p>Dr. med. Clara Peschel<br \/>\n<span style=\"font-size: revert;\">Fach\u00e4rztin f\u00fcr Dermatologie und Venerologie\u00a0<\/span><\/p>\n<p>Eren Ametoglou<\/p>\n<p>Arzt in Weiterbildung<\/p>\n<h3><\/h3>\n","protected":false},"excerpt":{"rendered":"<p>Herzlich Willkommen Aktuelles: NEUE ADRESSE: EBERSHALDENSTR. 7, 73728 ESSLINGEN (Parkm\u00f6glichkeiten z.B. im Parkhaus Neckar Forum) TERMINE NACH TERMINVEREINBARUNG UNTER 0711\/356084 ODER ONLINE (SIEHE ONLINE TERMINBUCHUNG) Vielen Dank f\u00fcr Ihr Verst\u00e4ndnis Dres. med. Simone und Michael Allmendinger Fach\u00e4rzte f\u00fcr Dermatologie und Venerologie Zusatzbezeichnung Allergologie Dr. med. Clara Peschel Fach\u00e4rztin f\u00fcr Dermatologie und Venerologie\u00a0 Eren Ametoglou Arzt [&hellip;]<\/p>\n","protected":false},"author":1,"featured_media":0,"parent":0,"menu_order":0,"comment_status":"open","ping_status":"open","template":"","meta":{"footnotes":""},"_links":{"self":[{"href":"https:\/\/hautarzt-allmendinger.de\/index.php?rest_route=\/wp\/v2\/pages\/2"}],"collection":[{"href":"https:\/\/hautarzt-allmendinger.de\/index.php?rest_route=\/wp\/v2\/pages"}],"about":[{"href":"https:\/\/hautarzt-allmendinger.de\/index.php?rest_route=\/wp\/v2\/types\/page"}],"author":[{"embeddable":true,"href":"https:\/\/hautarzt-allmendinger.de\/index.php?rest_route=\/wp\/v2\/users\/1"}],"replies":[{"embeddable":true,"href":"https:\/\/hautarzt-allmendinger.de\/index.php?rest_route=%2Fwp%2Fv2%2Fcomments&post=2"}],"version-history":[{"count":318,"href":"https:\/\/hautarzt-allmendinger.de\/index.php?rest_route=\/wp\/v2\/pages\/2\/revisions"}],"predecessor-version":[{"id":944,"href":"https:\/\/hautarzt-allmendinger.de\/index.php?rest_route=\/wp\/v2\/pages\/2\/revisions\/944"}],"wp:attachment":[{"href":"https:\/\/hautarzt-allmendinger.de\/index.php?rest_route=%2Fwp%2Fv2%2Fmedia&parent=2"}],"curies":[{"name":"wp","href":"https:\/\/api.w.org\/{rel}","templated":true}]}}