{"id":18,"date":"2015-10-03T09:46:32","date_gmt":"2015-10-03T09:46:32","guid":{"rendered":"http:\/\/keilhacker.net\/alpen\/?page_id=18"},"modified":"2021-03-27T16:08:23","modified_gmt":"2021-03-27T16:08:23","slug":"18-2","status":"publish","type":"page","link":"https:\/\/hautarzt-allmendinger.de\/?page_id=18","title":{"rendered":"Leistungen"},"content":{"rendered":"<h3>Hautkrebs &#8211; Hautkrebsscreening<\/h3>\n<h3><\/h3>\n<h3>Ambulante Operationen:<\/h3>\n<p>&#8211; gut- und b\u00f6sartige Hauttumore<br \/>\n&#8211; Entfernung gutartiger, aber kosmetisch st\u00f6render Hautver\u00e4nderungen<\/p>\n<h3><\/h3>\n<h3>Photodynamische Therapie (PDT)<\/h3>\n<h3>Konservative Dermatologie, u.a. atopisches Ekzem, Psoriasis vulgaris<\/h3>\n<h3>Allergologie:<\/h3>\n<p>&#8211; Allergietestungen von Inhalations- und Kontaktallergien<br \/>\n&#8211; spezifische Immuntherapie<\/p>\n<h3>Lichttherapie<\/h3>\n<h3>\u00c4sthetische Dermatologie:<\/h3>\n<p>&#8211; Lasertherapie kosmetisch st\u00f6render \u00c4derchen, Blutschw\u00e4mmchen, Rosacea teleangiectatica<\/p>\n<p>&#8211; Behandlungen mit Botulinumtoxin und Hyalurons\u00e4ure<\/p>\n","protected":false},"excerpt":{"rendered":"<p>Hautkrebs &#8211; Hautkrebsscreening Ambulante Operationen: &#8211; gut- und b\u00f6sartige Hauttumore &#8211; Entfernung gutartiger, aber kosmetisch st\u00f6render Hautver\u00e4nderungen Photodynamische Therapie (PDT) Konservative Dermatologie, u.a. atopisches Ekzem, Psoriasis vulgaris Allergologie: &#8211; Allergietestungen von Inhalations- und Kontaktallergien &#8211; spezifische Immuntherapie Lichttherapie \u00c4sthetische Dermatologie: &#8211; Lasertherapie kosmetisch st\u00f6render \u00c4derchen, Blutschw\u00e4mmchen, Rosacea teleangiectatica &#8211; Behandlungen mit Botulinumtoxin und Hyalurons\u00e4ure<\/p>\n","protected":false},"author":1,"featured_media":0,"parent":0,"menu_order":0,"comment_status":"open","ping_status":"open","template":"","meta":{"footnotes":""},"_links":{"self":[{"href":"https:\/\/hautarzt-allmendinger.de\/index.php?rest_route=\/wp\/v2\/pages\/18"}],"collection":[{"href":"https:\/\/hautarzt-allmendinger.de\/index.php?rest_route=\/wp\/v2\/pages"}],"about":[{"href":"https:\/\/hautarzt-allmendinger.de\/index.php?rest_route=\/wp\/v2\/types\/page"}],"author":[{"embeddable":true,"href":"https:\/\/hautarzt-allmendinger.de\/index.php?rest_route=\/wp\/v2\/users\/1"}],"replies":[{"embeddable":true,"href":"https:\/\/hautarzt-allmendinger.de\/index.php?rest_route=%2Fwp%2Fv2%2Fcomments&post=18"}],"version-history":[{"count":17,"href":"https:\/\/hautarzt-allmendinger.de\/index.php?rest_route=\/wp\/v2\/pages\/18\/revisions"}],"predecessor-version":[{"id":744,"href":"https:\/\/hautarzt-allmendinger.de\/index.php?rest_route=\/wp\/v2\/pages\/18\/revisions\/744"}],"wp:attachment":[{"href":"https:\/\/hautarzt-allmendinger.de\/index.php?rest_route=%2Fwp%2Fv2%2Fmedia&parent=18"}],"curies":[{"name":"wp","href":"https:\/\/api.w.org\/{rel}","templated":true}]}}